{"id":618,"date":"2018-11-13T10:15:30","date_gmt":"2018-11-13T10:15:30","guid":{"rendered":"https:\/\/www.eriaff.com\/?page_id=618"},"modified":"2018-11-13T10:33:08","modified_gmt":"2018-11-13T10:33:08","slug":"pays-de-la-loire","status":"publish","type":"page","link":"https:\/\/www.eriaff.com\/?page_id=618","title":{"rendered":"Pays de la Loire"},"content":{"rendered":"<p>[et_pb_section bb_built=&#8221;1&#8243; admin_label=&#8221;section&#8221; module_id=&#8221;home&#8221; custom_padding_last_edited=&#8221;on|desktop&#8221; _builder_version=&#8221;3.0.47&#8243; custom_padding_tablet=&#8221;50px|0|50px|0&#8243; transparent_background=&#8221;off&#8221; padding_mobile=&#8221;off&#8221; prev_background_color=&#8221;#000000&#8243; next_background_color=&#8221;#000000&#8243;][et_pb_row use_custom_width=&#8221;on&#8221; width_unit=&#8221;off&#8221; custom_width_percent=&#8221;90%&#8221; custom_padding=&#8221;20px||20px|&#8221; padding_mobile=&#8221;off&#8221; column_padding_mobile=&#8221;on&#8221; parallax_method_1=&#8221;off&#8221; parallax_method_2=&#8221;off&#8221; _builder_version=&#8221;3.0.47&#8243; background_size=&#8221;initial&#8221; background_position=&#8221;top_left&#8221; background_repeat=&#8221;repeat&#8221;][et_pb_column type=&#8221;1_3&#8243;][et_pb_text _builder_version=&#8221;3.0.105&#8243; background_size=&#8221;initial&#8221; background_position=&#8221;top_left&#8221; background_repeat=&#8221;repeat&#8221; text_orientation=&#8221;right&#8221; use_border_color=&#8221;off&#8221; background_layout=&#8221;light&#8221; custom_padding=&#8221;60px|||&#8221;]<\/p>\n<p><img loading=\"lazy\" decoding=\"async\" class=\" wp-image-619 aligncenter\" src=\"https:\/\/www.eriaff.com\/wp-content\/uploads\/2018\/11\/descarga.jpg\" alt=\"\" width=\"332\" height=\"260\" \/><\/p>\n<p style=\"text-align: center;\">Ch\u00e2teau de Chambord<\/p>\n<p>[\/et_pb_text][\/et_pb_column][et_pb_column type=&#8221;2_3&#8243;][et_pb_text _builder_version=&#8221;3.0.105&#8243; background_size=&#8221;initial&#8221; background_position=&#8221;top_left&#8221; background_repeat=&#8221;repeat&#8221; custom_padding=&#8221;||20px|&#8221; use_border_color=&#8221;off&#8221; background_layout=&#8221;light&#8221;]<\/p>\n<h1 style=\"text-align: left;\">Pays de la Loire<\/h1>\n<hr \/>\n<p>Pays de la Loire is a French region located in the western part of France. The regional capital is Nantes.<\/p>\n<p>The region is characterised by a specialisation in some key economic sectors: leather industry, textile, shipyard industry and aeronautics, plastic industry, insurance services, agriculture and food-processing industry.<\/p>\n<p>Agricultural and agri food sectors are indeed both pillars of the regional economy. Agri food sector is the 1<sup>st<\/sup> industrial sector of the region, generating an annual turnover of over 13 billion euros. The regional wood industry is also historically important and occupies the 3<sup>rd<\/sup> rank among the French regions in terms of employment.<\/p>\n<p>In order to strengthen and develop its agri food sector, the region can count on a really diverse agricultural production, from vegetal production to cattle farming or aquaculture.<\/p>\n<p>The region published its \u201cagri food strategy 2016-2020\u201d, consisting in assuring the economic future of the agro food industry by major investments in research and innovation, local food networks and international development of the sector.<\/p>\n<p style=\"text-align: justify;\"><strong>Description of the representative entity in ERIAFF<\/strong><\/p>\n<p>The Pays de la Loire regional council, as a public administration, is in charge of remits such as economic development, environmental protection, promotion of apprenticeships and vocational trainings, maintenance of high schools, management of regional EU funds. It holds a key position in supporting the economic fields of forestry, agriculture, agri-food, etc.<\/p>\n<p>The region has a Brussels-based office, Pays de la Loire Europe.<\/p>\n<p><strong>Social Networks<\/strong><\/p>\n<ul>\n<li>Facebook\u00a0: <a href=\"https:\/\/www.facebook.com\/regionpaysdelaloire\">https:\/\/www.facebook.com\/regionpaysdelaloire<\/a><\/li>\n<li>Twitter\u00a0: <a href=\"https:\/\/twitter.com\/paysdelaloire\">https:\/\/twitter.com\/paysdelaloire<\/a><\/li>\n<\/ul>\n<p><strong>Name of the person\/people in charge of the representation in ERIAFF: <\/strong><\/p>\n<p>Maxime Sion, Pays de la Loire Regional Council, Head of unit for Food and quality<\/p>\n<p>Anne-Claire Branellec, Pays de la Loire Regional Council, Project officer for Food and Quality<\/p>\n<p>Fr\u00e9d\u00e9ric Den\u00e9ch\u00e8re, Pays de la Loire Regional Council, Project officer for innovation in agriculture and agroecology<\/p>\n<p>Agn\u00e8s Trarieux, Pays de la Loire Europe, Regional representation in Brussels<\/p>\n<p>[\/et_pb_text][et_pb_text _builder_version=&#8221;3.0.105&#8243; background_layout=&#8221;light&#8221;]<\/p>\n<div class=\"one_half\">\n<h5><strong>Emails:<\/strong><\/h5>\n<h5><span style=\"color: #000000; font-size: 10pt;\">Frederic.denechere@paysdelaloire.fr<\/span><\/h5>\n<h5><span style=\"color: #000000; font-size: 10pt;\">Maxime.sion@paysdelaloire.fr<\/span><\/h5>\n<h5><span style=\"color: #000000; font-size: 10pt;\">Anne-claire.branellec@paysdelaloire.fr\u00a0<\/span><\/h5>\n<p><span style=\"color: #000000; font-size: 10pt;\">agnes.trarieux@paysdelaloire.eu<\/span><\/p>\n<\/div>\n<div class=\"one_half et_column_last\">\n<h5><strong>Location<\/strong><\/h5>\n<p>Pays de la Loire Regional Council 1 Rue de la Loire, 44966 NANTES CEDEX 9 Nantes, France<\/p>\n<p>Pays de la Loire Europe, Rond-point Schuman 14, 1040 Brussels, Belgium<\/p>\n<\/div>\n<div class=\"clear\"><\/div>\n<p>[\/et_pb_text][\/et_pb_column][\/et_pb_row][\/et_pb_section]<\/p>\n","protected":false},"excerpt":{"rendered":"<p>Ch\u00e2teau de Chambord Pays de la Loire Pays de la Loire is a French region located in the western part of France. The regional capital is Nantes. The region is [&hellip;]<\/p>\n","protected":false},"author":2,"featured_media":0,"parent":0,"menu_order":0,"comment_status":"closed","ping_status":"closed","template":"","meta":{"_et_pb_use_builder":"on","_et_pb_old_content":"","_et_gb_content_width":"","footnotes":""},"class_list":["post-618","page","type-page","status-publish","hentry"],"rttpg_featured_image_url":null,"rttpg_author":{"display_name":"Irene Palomino","author_link":"https:\/\/www.eriaff.com\/?author=2"},"rttpg_comment":0,"rttpg_category":null,"rttpg_excerpt":"Ch\u00e2teau de Chambord Pays de la Loire Pays de la Loire is a French region located in the western part of France. The regional capital is Nantes. The region is [&hellip;]","_links":{"self":[{"href":"https:\/\/www.eriaff.com\/index.php?rest_route=\/wp\/v2\/pages\/618","targetHints":{"allow":["GET"]}}],"collection":[{"href":"https:\/\/www.eriaff.com\/index.php?rest_route=\/wp\/v2\/pages"}],"about":[{"href":"https:\/\/www.eriaff.com\/index.php?rest_route=\/wp\/v2\/types\/page"}],"author":[{"embeddable":true,"href":"https:\/\/www.eriaff.com\/index.php?rest_route=\/wp\/v2\/users\/2"}],"replies":[{"embeddable":true,"href":"https:\/\/www.eriaff.com\/index.php?rest_route=%2Fwp%2Fv2%2Fcomments&post=618"}],"version-history":[{"count":3,"href":"https:\/\/www.eriaff.com\/index.php?rest_route=\/wp\/v2\/pages\/618\/revisions"}],"predecessor-version":[{"id":623,"href":"https:\/\/www.eriaff.com\/index.php?rest_route=\/wp\/v2\/pages\/618\/revisions\/623"}],"wp:attachment":[{"href":"https:\/\/www.eriaff.com\/index.php?rest_route=%2Fwp%2Fv2%2Fmedia&parent=618"}],"curies":[{"name":"wp","href":"https:\/\/api.w.org\/{rel}","templated":true}]}}